{"id":155,"date":"2026-03-02T15:29:14","date_gmt":"2026-03-02T15:29:14","guid":{"rendered":"https:\/\/hotelvistahill.cl\/?post_type=product&#038;p=155"},"modified":"2026-03-03T03:54:27","modified_gmt":"2026-03-03T03:54:27","slug":"suite-familiar-con-vista-al-cerro","status":"publish","type":"product","link":"https:\/\/hotelvistahill.cl\/en\/habitacion\/suite-familiar-con-vista-al-cerro\/","title":{"rendered":"Suite Familiar con Vista al Cerro"},"content":{"rendered":"<p>La Habitaci\u00f3n Familiar est\u00e1 pensada para familias o grupos de amigos que necesitan un espacio amplio y c\u00f3modo. Equipada con tres camas individuales y un dise\u00f1o funcional que maximiza el espacio, esta habitaci\u00f3n ofrece comodidad para todos los hu\u00e9spedes. Ideal para quienes viajan en grupo y buscan un alojamiento pr\u00e1ctico sin sacrificar la calidad.<\/p>","protected":false},"excerpt":{"rendered":"<ul>\n<li class=\"flex items-center gap-3 py-2\"><span class=\"text-[#4E342E] text-sm\">Wi-Fi de alta velocidad<\/span><\/li>\n<li class=\"flex items-center gap-3 py-2\"><span class=\"text-[#4E342E] text-sm\">Televisi\u00f3n<\/span><\/li>\n<li class=\"flex items-center gap-3 py-2\"><span class=\"text-[#4E342E] text-sm\">Cable Satelital DirecTV<\/span><\/li>\n<li class=\"flex items-center gap-3 py-2\"><span class=\"text-[#4E342E] text-sm\">Desayuno (opcional)<\/span><\/li>\n<\/ul>\n","protected":false},"featured_media":360,"template":"","meta":[],"product_brand":[],"product_cat":[19],"product_tag":[],"class_list":{"0":"post-155","1":"product","2":"type-product","3":"status-publish","4":"has-post-thumbnail","6":"product_cat-por-noche","8":"first","9":"instock","10":"virtual","11":"sold-individually","12":"purchasable","13":"product-type-booking"},"_links":{"self":[{"href":"https:\/\/hotelvistahill.cl\/en\/wp-json\/wp\/v2\/product\/155","targetHints":{"allow":["GET"]}}],"collection":[{"href":"https:\/\/hotelvistahill.cl\/en\/wp-json\/wp\/v2\/product"}],"about":[{"href":"https:\/\/hotelvistahill.cl\/en\/wp-json\/wp\/v2\/types\/product"}],"version-history":[{"count":2,"href":"https:\/\/hotelvistahill.cl\/en\/wp-json\/wp\/v2\/product\/155\/revisions"}],"predecessor-version":[{"id":492,"href":"https:\/\/hotelvistahill.cl\/en\/wp-json\/wp\/v2\/product\/155\/revisions\/492"}],"wp:featuredmedia":[{"embeddable":true,"href":"https:\/\/hotelvistahill.cl\/en\/wp-json\/wp\/v2\/media\/360"}],"wp:attachment":[{"href":"https:\/\/hotelvistahill.cl\/en\/wp-json\/wp\/v2\/media?parent=155"}],"wp:term":[{"taxonomy":"product_brand","embeddable":true,"href":"https:\/\/hotelvistahill.cl\/en\/wp-json\/wp\/v2\/product_brand?post=155"},{"taxonomy":"product_cat","embeddable":true,"href":"https:\/\/hotelvistahill.cl\/en\/wp-json\/wp\/v2\/product_cat?post=155"},{"taxonomy":"product_tag","embeddable":true,"href":"https:\/\/hotelvistahill.cl\/en\/wp-json\/wp\/v2\/product_tag?post=155"}],"curies":[{"name":"wp","href":"https:\/\/api.w.org\/{rel}","templated":true}]}}